{"id":2790,"date":"2016-11-09T16:43:59","date_gmt":"2016-11-09T16:43:59","guid":{"rendered":"https:\/\/hrdmemorial.org\/fr\/?page_id=2790"},"modified":"2021-03-16T10:08:07","modified_gmt":"2021-03-16T10:08:07","slug":"about-the-project-2","status":"publish","type":"page","link":"https:\/\/hrdmemorial.org\/fr\/about-the-project-2\/","title":{"rendered":"\u00c0 propos du M\u00e9morial des DDH"},"content":{"rendered":"<p><iframe loading=\"lazy\" width=\"1110\" height=\"624\" src=\"https:\/\/www.youtube.com\/embed\/832uLb6sBMk?feature=oembed\" frameborder=\"0\" allowfullscreen><\/iframe><\/p>\n<p><span style=\"font-size: medium;\">Le M\u00e9morial des DDH est une initiative conjointe mise en place par un r\u00e9seau d\u2019organisations nationales et internationales de d\u00e9fense des droits humains qui s\u2019engagent \u00e0 travailler ensemble pour recueillir et v\u00e9rifier les informations sur les homicides de d\u00e9fenseur-ses des droits humains (DDH) dont la mort est per\u00e7ue comme \u00e9tant li\u00e9e \u00e0 leurs activit\u00e9s en faveur des droits humains.<\/span><\/p>\n<p><span style=\"font-size: medium;\">Le projet a \u00e9t\u00e9 lanc\u00e9 en novembre 2016 avec pour mandat de collecter \u00e0 la fois des donn\u00e9es en temps r\u00e9el sur les homicides de DDH, mais aussi des donn\u00e9es historiques sur les homicides remontants jusqu\u2019\u00e0 1998, date d\u2019entr\u00e9e en vigueur de la D\u00e9claration des Nations Unies sur les d\u00e9fenseurs des droits humains.<\/span><\/p>\n<p><span style=\"font-size: medium;\">Le M\u00e9morial des DDH est un projet unique d\u2019une port\u00e9e mondiale qui rassemble des informations sur les homicides de DDH travaillant dans tous les secteurs des droits humains. Le M\u00e9morial des DDH a pour but de mettre en \u00e9vidence l\u2019ampleur des homicides de d\u00e9fenseur-ses dans le monde, de fournir une base pour mener un plaidoyer et des campagnes efficaces pour mettre fin aux assassinats, et de garder vivante la m\u00e9moire des d\u00e9fenseur-ses qui ont \u00e9t\u00e9 tu\u00e9s.<\/span><\/p>\n<p><strong><span style=\"font-size: medium;\">Qui sont les d\u00e9fenseur-ses des droits humains\u00a0?<\/span><\/strong><\/p>\n<p><span style=\"font-size: medium;\">Les d\u00e9fenseur-ses des droits humains sont des personnes, soit individuelles soit membres d\u2019un groupe, qui \u0153uvrent pacifiquement pour la d\u00e9fense des droits des autres. Ils sont les agents cl\u00e9s du changement social qui \u0153uvrent pour cr\u00e9er une soci\u00e9t\u00e9 plus juste et \u00e9galitaire dans leur propre pays. Ce travail est souvent consid\u00e9r\u00e9 comme une menace pour le statu quo par les gouvernements r\u00e9pressifs et d\u2019autres acteurs puissants. Leur travail est criminalis\u00e9, ils font l\u2019objet de campagnes de d\u00e9nigrement dans les m\u00e9dias et ils sont souvent vis\u00e9s, menac\u00e9s, intimid\u00e9s, arr\u00eat\u00e9s, attaqu\u00e9s ou tu\u00e9s.<\/span><\/p>\n<p><strong><span style=\"font-size: medium;\">Le M\u00e9morial des DDH\u00a0:<\/span><\/strong><\/p>\n<p><span style=\"font-size: medium;\">Le projet M\u00e9morial des DDH rassemble et v\u00e9rifie les informations sur tous les d\u00e9fenseur-ses des droits humains qui ont \u00e9t\u00e9 tu\u00e9s \u00e0 cause de leur travail en faveur des droits humains depuis l\u2019entr\u00e9e en vigueur de la D\u00e9claration des Nations Unies sur les d\u00e9fenseurs des droits humains en 1998. La pr\u00e9sence en ligne du M\u00e9morial des DDH est \u00e0 la fois une base de donn\u00e9es de renseignements sur les d\u00e9fenseur-ses des droits humains qui ont \u00e9t\u00e9 tu\u00e9s et sur les progr\u00e8s faits afin que les coupables soient traduits en justice, mais aussi un site web public comprenant une page qui dresse un portrait individuel pour chaque DDH, afin de comm\u00e9morer leur vie et leurs r\u00e9ussites.<\/span><\/p>\n<p><strong><span style=\"font-size: medium;\">Qui participe\u00a0?<\/span><\/strong><\/p>\n<p><span style=\"font-size: medium;\">Le r\u00e9seau du M\u00e9morial des DDH est compos\u00e9 de plusieurs organisations internationales et nationales, dont beaucoup participent activement \u00e0 la collecte et \u00e0 la v\u00e9rification des donn\u00e9es li\u00e9es aux homicides de DDH. Les membres du r\u00e9seau sont\u00a0: <strong>ACI-Participa Honduras<\/strong>; <strong>Afghanistan Human Rights Defenders Committee (AHRDC)<\/strong>; <strong>Amnesty International<\/strong>; <strong>Brazilian Committee of Human Rights Defenders<\/strong>; <strong>Comit\u00e9 Cerezo<\/strong> (Mexico); <strong>FIDH<\/strong>; <strong>Front Line Defenders<\/strong>; <strong>Global Witness<\/strong>; <strong>Human Rights Defenders\u2019 Alert \u2013 Inde<\/strong>; <strong>Karapatan<\/strong> (les Philippines);<strong> l\u2019OMCT<\/strong>; <strong>Programa Somos Defensores<\/strong> (Colombie); <strong>Red TDT<\/strong> (Mexique); et <strong>UDEFEGUA<\/strong> (Guatemala).<\/span><\/p>\n<p><span style=\"font-size: medium;\">ACCUDEH, Article 19, AWID, CALAS, CIVICUS, CPT, ESCR-Net, East and Horn of Africa Defend the Defenders Programme, Forum Asia, ILGA, Iniciativa Mesoamericana de Mujeres Defensoras de Derechos Humanos (IM-Defensoras), PBI, Protection International, RMP-NMR, Southern Africa Human Rights Defenders Network (SAHRDN) et l\u2019Urgent Action Fund soutiennent le mandat du projet.<\/span><\/p>\n<p><span style=\"font-size: medium;\">Le M\u00e9morial des DDH est ouvert \u00e0 toute organisation qui partage l\u2019objectif du projet\u00a0: mettre fin aux homicides de DDH. Si vous souhaitez rejoindre le M\u00e9morial des DDH, \u00e9crivez \u00e0 la coordinatrice du projet\u00a0: michelle@frontlinedefenders.org.<\/span><\/p>\n<p><strong><span style=\"font-size: medium;\">Quel est l\u2019objectif\u00a0?<\/span><\/strong><\/p>\n<p><span style=\"font-size: medium;\">Le projet a un objectif double. En rassemblant un ensemble complet de donn\u00e9es mondiales v\u00e9rifi\u00e9es, le projet vise \u00e0 mettre en \u00e9vidence l\u2019ampleur des homicides de d\u00e9fenseur-ses dans le monde et \u00e0 construire une base pour un plaidoyer et des campagnes efficaces pour stopper les homicides. Le projet vise \u00e9galement \u00e0 garder vivante la m\u00e9moire des d\u00e9fenseur-ses tu\u00e9s, \u00e0 c\u00e9l\u00e9brer leur courage et leurs r\u00e9ussites, et \u00e0 faire preuve de solidarit\u00e9 et de soutien envers leur famille, leurs amis et leurs coll\u00e8gues.<\/span><\/p>\n<p><strong><span style=\"font-size: medium;\">M\u00e9thodologie de la collecte et de la v\u00e9rification des donn\u00e9es<\/span><\/strong><\/p>\n<p><em><span style=\"font-size: medium;\">Collecte des donn\u00e9es\u00a0:<\/span><\/em><span style=\"font-size: medium;\"> Le M\u00e9morial des DDH s\u2019appuie sur un r\u00e9seau de partenaires et d\u2019autres organisations de d\u00e9fense des droits humains pour collecter et v\u00e9rifier les donn\u00e9es relatives aux homicides de DDH au niveau national. Le M\u00e9morial des DDH rassemble des ensembles de donn\u00e9es v\u00e9rifi\u00e9es par des partenaires sous l\u2019\u00e9gide du M\u00e9morial des DDH, et effectue une collecte syst\u00e9matique de donn\u00e9es open source dans un certain nombre de langues.<\/span><\/p>\n<p><em><span style=\"font-size: medium;\">V\u00e9rification\u00a0:<\/span><\/em><span style=\"font-size: medium;\"> Le M\u00e9morial des DDH v\u00e9rifie que chaque cas identifi\u00e9 par la m\u00e9thodologie ci-dessus r\u00e9pond aux crit\u00e8res pour \u00eatre inclus dans l\u2019ensemble de donn\u00e9es. Outre la source originale, deux autres sources cr\u00e9dibles sont recherch\u00e9es pour chaque cas.<\/span><\/p>\n<p><em><span style=\"font-size: medium;\">Acc\u00e8s aux donn\u00e9es\u00a0:<\/span><\/em><span style=\"font-size: medium;\"> Le M\u00e9morial des DDH est une base de donn\u00e9es sur les homicides qui \u00e9volue constamment. Nous reconnaissons que l\u2019ensemble de donn\u00e9es pr\u00e9sent\u00e9 en f\u00e9vrier 2021 sur les meurtres qui ont eu lieu entre le 1er janvier 2020 et le 31 d\u00e9cembre 2020 par exemple est susceptible d\u2019\u00eatre incomplet. Cela est d\u00fb \u00e0 un certain nombre de facteurs, notamment\u00a0: les meurtres dans des r\u00e9gions isol\u00e9es n\u2019ont pas \u00e9t\u00e9 signal\u00e9s; les d\u00e9placements et l\u2019acc\u00e8s aux zones recul\u00e9es pour la collecte et la v\u00e9rification des donn\u00e9es sont limit\u00e9s en raison du COVID-19; et les gouvernements et les groupes d\u2019int\u00e9r\u00eats ont supprim\u00e9 les informations.<\/span><\/p>\n<p><strong><span style=\"font-size: medium;\">Soumettre des affaires<\/span><\/strong><\/p>\n<p><span style=\"font-size: medium;\">Si votre organisation souhaite soumettre une affaire pour l\u2019inclure au M\u00e9morial des DDH, merci de contacter michelle@frontlinedefenders.org<\/span><\/p>\n<p><span style=\"font-size: medium;\">Le r\u00e9seau de partenaires du projet ont accept\u00e9 un ensemble de crit\u00e8res permettant de garantir que toutes les affaires incluses dans la base de donn\u00e9es concernent des d\u00e9fenseur-ses tu\u00e9s \u00e0 cause de leur travail pacifique en faveur des droits des autres. Toutes les affaires propos\u00e9es pour faire partie du M\u00e9morial seront v\u00e9rifi\u00e9es conform\u00e9ment \u00e0 ces crit\u00e8res.<\/span><\/p>\n","protected":false},"excerpt":{"rendered":"<p>Le M\u00e9morial des DDH est une initiative conjointe mise en place par un r\u00e9seau d\u2019organisations nationales et internationales de d\u00e9fense [&hellip;]<\/p>\n","protected":false},"author":1,"featured_media":0,"parent":0,"menu_order":0,"comment_status":"closed","ping_status":"closed","template":"","meta":{"footnotes":""},"class_list":["post-2790","page","type-page","status-publish","hentry"],"_links":{"self":[{"href":"https:\/\/hrdmemorial.org\/fr\/wp-json\/wp\/v2\/pages\/2790","targetHints":{"allow":["GET"]}}],"collection":[{"href":"https:\/\/hrdmemorial.org\/fr\/wp-json\/wp\/v2\/pages"}],"about":[{"href":"https:\/\/hrdmemorial.org\/fr\/wp-json\/wp\/v2\/types\/page"}],"author":[{"embeddable":true,"href":"https:\/\/hrdmemorial.org\/fr\/wp-json\/wp\/v2\/users\/1"}],"replies":[{"embeddable":true,"href":"https:\/\/hrdmemorial.org\/fr\/wp-json\/wp\/v2\/comments?post=2790"}],"version-history":[{"count":0,"href":"https:\/\/hrdmemorial.org\/fr\/wp-json\/wp\/v2\/pages\/2790\/revisions"}],"wp:attachment":[{"href":"https:\/\/hrdmemorial.org\/fr\/wp-json\/wp\/v2\/media?parent=2790"}],"curies":[{"name":"wp","href":"https:\/\/api.w.org\/{rel}","templated":true}]}}