{"id":2789,"date":"2016-11-09T17:02:04","date_gmt":"2016-11-09T17:02:04","guid":{"rendered":"https:\/\/hrdmemorial.org\/pt\/?page_id=2789"},"modified":"2021-03-16T10:08:07","modified_gmt":"2021-03-16T10:08:07","slug":"about-the-project-2","status":"publish","type":"page","link":"https:\/\/hrdmemorial.org\/pt\/about-the-project-2\/","title":{"rendered":"Sobre O Memorial DDH"},"content":{"rendered":"<p><iframe loading=\"lazy\" width=\"1110\" height=\"624\" src=\"https:\/\/www.youtube.com\/embed\/832uLb6sBMk?feature=oembed\" frameborder=\"0\" allowfullscreen><\/iframe><\/p>\n<p>No dia 24 de Novembro n\u00f3s lan\u00e7amos o s\u00edtio eletr\u00f4nico e base de dados Memorial DDHs. Trata-se de um projeto \u00fanico, desenvolvido por uma coaliz\u00e3o de organiza\u00e7\u00f5es de direitos humanos nacionais e internacionais, para comemorar todos\/as os\/as defensores\/as de direitos humanos (DDHs) que foram mortos desde que a Declara\u00e7\u00e3o das Na\u00e7\u00f5es Unidas sobre Defensores\/as de Direitos Humanos entrou em vigor em 1998.<\/p>\n<p>Pela primeira vez haver\u00e1 um mecanismo que representar\u00e1 a verdadeira escala e situa\u00e7\u00e3o dos assassinatos de DDHs no mundo. Desde 1998, estima-se que 3.500 DDHs foram mortos por conta de seu trabalho pac\u00edfico na defesa de direitos de terceiros.<br \/>\nEste s\u00edtio eletr\u00f4nico \u00e9 um trabalho em andamento. N\u00f3s lan\u00e7amos com um n\u00famero limitado de casos, mas nas pr\u00f3ximas semanas e meses iremos adicionar nomes e detalhes de todos\/as os\/as DDHs que foram mortos. O Memorial DDH procura, al\u00e9m de ser um memorial, celebrar suas vidas, trabalho e realiza\u00e7\u00f5es.<\/p>\n<h3>Assassinatos de DDH<\/h3>\n<p>Estima-se que 4.000 defensores\/as de direitos humanos foram mortos por seu trabalho pac\u00edfico na defesa dos direitos de terceiros, desde que a a Assembl\u00e9ia Geral da ONU adotou, por consenso, a Declara\u00e7\u00e3o das Na\u00e7\u00f5es Unidas sobre Defensores\/as de Direitos Humanos. Em muitos casos, estes assassinatos foram praticados por agentes do Estado, ou com a coniv\u00eancia de agentes do Estado. Na grande maioria dos casos ningu\u00e9m foi sentenciado, ou mesmo denunciado. Nos \u00faltimos anos n\u00f3s temos visto um aumento tanto no n\u00famero de assassinatos quanto em n\u00famero de pa\u00edses onde eles aconteceram. Muitos destes assassinados sequer s\u00e3o legalmente registrados. \u00c9 este clima perverso de impunidade que torna normal o assassinato de defensores\/as de direitos humanos.<\/p>\n<h3>Quem s\u00e3o os\/as defensores\/as de direitos humanos?<\/h3>\n<p>Defensores\/as de direitos humanos s\u00e3o pessoas, tanto individuais quanto membros de um grupo, que trabalham pacificamente para defender os direitos de terceiros. Eles s\u00e3o agentes importantes de mudan\u00e7a social, trabalhando pacificamente para criar sociedades mais justas e iguais em seus pa\u00edses. Esse trabalho \u00e9 frequentemente visto por governos repressivos, ou outros interesses poderosos, como uma amea\u00e7a ao status quo. Seu trabalho \u00e9 criminalizado e eles mesmos s\u00e3o objetos de campanhas difamat\u00f3rias na m\u00eddia e s\u00e3o frequentemente alvos de amea\u00e7as, intimida\u00e7\u00e3o, pris\u00f5es e assassinatos.<\/p>\n<h3>O Memorial DDH<\/h3>\n<p>O Memorial DDH busca celebrar as vidas e realiza\u00e7\u00f5es de todos\/as os\/as defensores\/as de direitos humanos assassinados desde que Declara\u00e7\u00e3o das Na\u00e7\u00f5es Unidas sobre Defensores\/as de Direitos Humanos entrou em vigor em 1998. \u00c9, necessariamente, um trabalho em progresso em n\u00f3s agradecemos propostas para inclus\u00e3o de casos. O Memorial DDH consiste em dois elementos: uma base de dados com informa\u00e7\u00f5es sobre defensores\/as de direitos humanos que foram assassinados e qualquer progresso no sentido de trazer os perpetradores \u00e0 Justi\u00e7a, e um s\u00edtio eletr\u00f4nico p\u00fablico com p\u00e1ginas de perfis individuais para cada DDH que celebra suas vidas e realiza\u00e7\u00f5es.<\/p>\n<h3>Quem est\u00e1 envolvido?<\/h3>\n<p>O Memorial DDH \u00e9 uma iniciativa coletiva de uma rede de organiza\u00e7\u00f5es de direitos humanos nacionais e internacionais, que est\u00e3o comprometidas a trabalharem juntas para \u201cAcabar com os assassinatos de DDHs\u201d.<\/p>\n<p>Atualmente, a rede inclui: ACI-Participa, ACCUDEH, Anistia Internacional, Artigo 19 Brasil (representando o Comit\u00ea Brasileiro para Prote\u00e7\u00e3o de DDHs), AWID, CALAS, CIVICUS, ESCR-Net, East and Horn of Africa Defend the Defenders Programme, FIDH, Forum Asia, Front Line Defenders, \u00a0Global Witness, ILGA, KARAPATAN, Meso American Initiative, OMCT, PBI, Protection International, \u00a0RMP-NMR. Somos Defensores, UDEFEGUA, Urgent Action Fund,<\/p>\n<p>A Rede do Projeto Memorial DDH est\u00e1 aberta para qualquer organiza\u00e7\u00e3o que compartilhe os objetivos do projeto \u2013 acabar com os assassinatos de DDHs.<\/p>\n<p>Caso sua organiza\u00e7\u00e3o queira se juntar \u00e0 Rede do Projeto Memorial DDH, envie um e-mail para <a href=\"mailto:hrdmemorial@frontlinedefenders.org\">hrdmemorial@frontlinedefenders.org<\/a>.<\/p>\n<h3>Qual \u00e9 o objetivo?<\/h3>\n<p>Os objetivos do projeto s\u00e3o manter viva a mem\u00f3ria dos\/as DDHs que foram mortos\/as e celebrar a coragem e suas realiza\u00e7\u00f5es. O Memorial DDH \u00e9 uma maneira de utilizar a verdade para confrontar estes governos que pensam que os\/as DDHs s\u00e3o pessoas prescind\u00edveis que podem ser eliminadas sem nenhuma consequ\u00eancia. Tamb\u00e9m \u00e9 uma forma de enviar uma mensagem de solidariedade e suporte as suas fam\u00edlias, amigos e colegas, relembrando-os\/as que eles n\u00e3o foram esquecidos. Ademais, o projeto destaca a dimens\u00e3o do problema e prover\u00e1 uma base efetiva para ativismo e campanhas para aumentar o custo pol\u00edtico dos assassinatos de DDH ao ponto que os governos, ou seus aliados, pensem duas vezes.<\/p>\n<h3>ENVIAR CASOS<\/h3>\n<p>Caso sua organiza\u00e7\u00e3o deseje enviar casos para inclus\u00e3o no Memorial DDH, por favor contate <a href=\"mailto:HRDmemorial@frontlinedefenders.org\">HRDmemorial@frontlinedefenders.org<\/a><\/p>\n<p>Os parceiros envolvidos no projeto entrar em acordo para estabelecer uma s\u00e9rie de crit\u00e9rios, para garantir que todos os casos inclu\u00eddos na base de dados s\u00e3o defensores\/as de direitos humanos assassinados por seu trabalho pac\u00edfico na defesa de direitos de terceiros. Todos os casos propostos para inclus\u00e3o ser\u00e3o enviados para um grupo de trabalho dos membros da Rede, que ir\u00e3o verificar os casos.<\/p>\n<p>&nbsp;<\/p>\n<p>&nbsp;<\/p>\n","protected":false},"excerpt":{"rendered":"<p>No dia 24 de Novembro n\u00f3s lan\u00e7amos o s\u00edtio eletr\u00f4nico e base de dados Memorial DDHs. Trata-se de um projeto [&hellip;]<\/p>\n","protected":false},"author":1,"featured_media":0,"parent":0,"menu_order":0,"comment_status":"closed","ping_status":"closed","template":"","meta":{"footnotes":""},"class_list":["post-2789","page","type-page","status-publish","hentry"],"_links":{"self":[{"href":"https:\/\/hrdmemorial.org\/pt\/wp-json\/wp\/v2\/pages\/2789","targetHints":{"allow":["GET"]}}],"collection":[{"href":"https:\/\/hrdmemorial.org\/pt\/wp-json\/wp\/v2\/pages"}],"about":[{"href":"https:\/\/hrdmemorial.org\/pt\/wp-json\/wp\/v2\/types\/page"}],"author":[{"embeddable":true,"href":"https:\/\/hrdmemorial.org\/pt\/wp-json\/wp\/v2\/users\/1"}],"replies":[{"embeddable":true,"href":"https:\/\/hrdmemorial.org\/pt\/wp-json\/wp\/v2\/comments?post=2789"}],"version-history":[{"count":0,"href":"https:\/\/hrdmemorial.org\/pt\/wp-json\/wp\/v2\/pages\/2789\/revisions"}],"wp:attachment":[{"href":"https:\/\/hrdmemorial.org\/pt\/wp-json\/wp\/v2\/media?parent=2789"}],"curies":[{"name":"wp","href":"https:\/\/api.w.org\/{rel}","templated":true}]}}