{"id":2796,"date":"2016-11-10T11:54:13","date_gmt":"2016-11-10T11:54:13","guid":{"rendered":"https:\/\/hrdmemorial.org\/pt\/?page_id=2796"},"modified":"2016-11-23T17:17:23","modified_gmt":"2016-11-23T17:17:23","slug":"privacy-2","status":"publish","type":"page","link":"https:\/\/hrdmemorial.org\/pt\/privacy-2\/","title":{"rendered":"Privacidade"},"content":{"rendered":"<p>Atualizado: 30 de junho de 2016<\/p>\n<p>Este website (hrdmemorial.org) junto com quaisquer vers\u00f5es em idiomas que n\u00e3o sejam o ingl\u00eas (os websites da HRD Memorial), \u00e9 oferecido pela Front Line, The International Foundation for the Protection of Human Rights Defenders (Front Line Defenders) e sediado na Irlanda. N\u00f3s levamos a s\u00e9rio a sua privacidade como usu\u00e1rio das p\u00e1ginas da Front Line Defenders e quaisquer informa\u00e7\u00f5es suas que coletemos. Esse documento estabelece nossa Pol\u00edtica de Privacidade em rela\u00e7\u00e3o a voc\u00ea e aos seus dados pessoais. Os mesmos princ\u00edpios s\u00e3o aplic\u00e1veis quando n\u00f3s coletamos informa\u00e7\u00f5es pessoais suas atrav\u00e9s de outros meios (e-mail, formul\u00e1rios escritos, chamadas telef\u00f4nicas, etc.).<\/p>\n<p>Revis\u00f5es \u00e0 Pol\u00edtica: Essa Pol\u00edtica de Privacidade \u00e9 v\u00e1lida desde a data no in\u00edcio do documento. Por favor, perceba que, ao usar esse website, voc\u00ea confirma sua concord\u00e2ncia em rela\u00e7\u00e3o \u00e0 Pol\u00edtica de Privacidade. Caso n\u00e3o concorde com essa Pol\u00edtica de Privacidade, por favor n\u00e3o use os websites da Front Line Defenders. Em nossos esfor\u00e7os cont\u00ednuos em propiciar adequada prote\u00e7\u00e3o \u00e0s informa\u00e7\u00f5es pessoais, em conformidade com a lei e quando seja necess\u00e1rio, n\u00f3s nos reservamos ao direito de revisar essa Pol\u00edtica de Privacidade de tempos em tempos. No caso de realizarmos alguma emenda, a Pol\u00edtica revisada ser\u00e1 imediatamente publicada nesta p\u00e1gina. Seu uso cont\u00ednuo deste site ap\u00f3s altera\u00e7\u00f5es a esta Pol\u00edtica de Privacidade significa que voc\u00ea aceita tais altera\u00e7\u00f5es. No entanto, voc\u00ea tem sempre o direito de optar por n\u00e3o receber nossas correspond\u00eancias.<\/p>\n<p>Sobre o manuseio de informa\u00e7\u00f5es pessoais: A Front Line Defenders reconhece a import\u00e2ncia de proteger a sua privacidade e suas informa\u00e7\u00f5es pessoais, e ir\u00e1 submeter-se a todas as leis de privacidade aplic\u00e1veis.<\/p>\n<p>Coleta: N\u00f3s coletamos informa\u00e7\u00f5es suas quando voc\u00ea:<\/p>\n<p>envia uma pergunta ou formul\u00e1rio de registro;<br \/>\nfaz uma doa\u00e7\u00e3o ou assina uma peti\u00e7\u00e3o online;<br \/>\nparticipa em alguma das campanhas onlines que organizamos de tempos em tempos;<br \/>\ninscreve-se para um de nossos servi\u00e7os online, como o boletim de not\u00edcias ou as listas de chamados urgentes;<br \/>\nutiliza esse website;<br \/>\nentra em contato conosco (via e-mail, telefone, correio, etc.);<br \/>\nde alguma outra forma nos envia suas informa\u00e7\u00f5es de maneira online ou offline.<br \/>\nInforma\u00e7\u00e3o Coletada: Os elementos de suas informa\u00e7\u00f5es que coletamos poder\u00e1 incluir:<\/p>\n<p>primeiro e \u00faltimo nome;<br \/>\nendere\u00e7o;<br \/>\ntelefones de contato;<br \/>\nendere\u00e7o de e-mail;<br \/>\ncaso voc\u00ea realize uma doa\u00e7\u00e3o, os detalhes de pagamento, tais como informa\u00e7\u00f5es de cart\u00f5es de cr\u00e9dito [assim como outras informa\u00e7\u00f5es, os dados do cart\u00e3o de cr\u00e9dito s\u00e3o guardados em um ambiente seguro e s\u00e3o retidos apenas durante o tempo necess\u00e1rio para processar o seu pedido de compra (s)];<br \/>\ninforma\u00e7\u00f5es de uso do site e outras informa\u00e7\u00f5es t\u00e9cnicas afins, indicando, por exemplo, o tipo de navegador, sistema operacional, provedor de servi\u00e7os de Internet, endere\u00e7o IP, ou o site do qual voc\u00ea acessou para efeitos de avalia\u00e7\u00e3o do desempenho anal\u00edtico do(s) website(s);<br \/>\noutras informa\u00e7\u00f5es que voc\u00ea nos forne\u00e7a.<br \/>\nN\u00f3s n\u00e3o coletamos informa\u00e7\u00e3o pessoal de nenhuma pessoa com menos de 13 anos de idade de maneira consciente. Caso voc\u00ea tenha menos de 13 anos de idade, por favor n\u00e3o nos forne\u00e7a nenhuma dessas informa\u00e7\u00f5es, ou pe\u00e7a permiss\u00e3o aos seus pais ou respons\u00e1veis.<\/p>\n<p>Cookies: N\u00f3s coletamos dados adicionais para usu\u00e1rios das p\u00e1ginas da Front Line Defenders atrav\u00e9s do uso de cookies. Cookies s\u00e3o pequenos arquivos de texto que s\u00e3o transferidos ou para o disco r\u00edgido de seu computador (&#8220;cookies de largo-prazo&#8221;) ou temporariamente para a mem\u00f3ria RAM (Random Access Memory) do seu computador (&#8220;cookies de sess\u00e3o&#8221;). N\u00f3s usamos os tipos de cookies abaixo nas p\u00e1ginas da Front Line Defenders:<\/p>\n<p>TIPO DE Cookie NOme DO Cookie PROP\u00d3SITO DO Cookie<br \/>\nCookie de funcionalidade<\/p>\n<p>Drupal: has_js Um ligado\/desligado para rastrear se o navegador tem Javascript<br \/>\nCookie estritamente necess\u00e1rio<\/p>\n<p>Drupal: SESS[random string] Identifica a sess\u00e3o do\/a usu\u00e1rio\/a<br \/>\nCookie de performace<\/p>\n<p>Piwik: _pk_id.[site identifier string], _pk_ses.[site identifier string] Rastreia tr\u00e1fego e comportamento dos usu\u00e1rios nos sites. Para mais informa\u00e7\u00f5es consulte a pol\u00edtica de privacidade de Piwik <a href=\"https:\/\/piwik.org\/privacy\/\" target=\"_blank\">https:\/\/piwik.org\/privacy\/<\/a><br \/>\nVoc\u00ea pode configurar o seu computador para recursar cookies desativando-os em seu navegador. Voc\u00ea n\u00e3o precisa ter os cookies ativados para usar as p\u00e1ginas da Front Line Defenders.<\/p>\n<p>Para saber mais sobre cookies ou sobre como deletar cookies de seu navegador, por favor visite: <a href=\"http:\/\/www.aboutcookies.org\" target=\"_blank\">www.aboutcookies.org<\/a><\/p>\n<p>Prop\u00f3sito de Uso e Divulga\u00e7\u00e3o de Informa\u00e7\u00f5es: N\u00f3s iremos coletar informa\u00e7\u00f5es pessoais suas apenas de uma maneira justa, razo\u00e1vel e dentro da lei. N\u00f3s iremos usar tais informa\u00e7\u00f5es pessoais apenas para os seguintes prop\u00f3sitos (a n\u00e3o ser que tenhamos obtido o seu consentimento ou que as leis aplic\u00e1veis nos permita utilizar suas informa\u00e7\u00f5es de outra forma):<\/p>\n<p>proporcionar-lhe um servi\u00e7o personalizado;<br \/>\noperar esse site e compreender sua utiliza\u00e7\u00e3o para fins estat\u00edsticos (n\u00famero de visitas \u00e0 p\u00e1gina, tempo aproximado que os visitantes permanecem na p\u00e1gina, etc.) e para fins de seguran\u00e7a;<br \/>\ngest\u00e3o e processamento de consultas, registros, doa\u00e7\u00f5es e outras intera\u00e7\u00f5es com voc\u00ea;<br \/>\nencaminhar peti\u00e7\u00f5es assinadas por voc\u00ea para alvos de advocacy;<br \/>\nprestar informa\u00e7\u00f5es sobre os servi\u00e7os que oferecemos, tais como boletins de not\u00edcias, apelos urgentes, relat\u00f3rios, publica\u00e7\u00f5es, etc., e inform\u00e1-lo\/a sobre outras atividades relevantes da Front Line Defenders. N\u00e3o vamos lhe enviar essas informa\u00e7\u00f5es caso voc\u00ea se oponha a receb\u00ea-las ou se a legisla\u00e7\u00e3o local aplic\u00e1vel n\u00e3o nos permita enviar essa informa\u00e7\u00e3o para voc\u00ea.<br \/>\nA Front Line Defenders \u00e9 uma organiza\u00e7\u00e3o global e poder\u00e1 compartilhar suas informa\u00e7\u00f5es entre funcion\u00e1rios\/as da Front Line Defenders que poder\u00e3o estar localizados em seu pa\u00eds ou em outros pa\u00edses, incluindo pa\u00edses sem leis adequadas de prote\u00e7\u00e3o de dados. Devido ao fato que a Front Line Defenders reconhece a import\u00e2ncia da prote\u00e7\u00e3o das informa\u00e7\u00f5es pessoais em sua sociedade global sofisticada de informa\u00e7\u00e3o e comunica\u00e7\u00f5es, todos\/as funcion\u00e1rios\/as da Front Line Defenders e escrit\u00f3rios devem respeitar a presente Pol\u00edtica de Privacidade ou provis\u00f5es similares, estando sujeitos a repeitar o que prev\u00ea a legisla\u00e7\u00e3o local.<\/p>\n<p>Prefer\u00eancias de Privacidade: Voc\u00ea pode visualizar, corrigir ou solicitar a elimina\u00e7\u00e3o de quaisquer informa\u00e7\u00f5es suas que tenhamos coletado e armazenado enviando o seu pedido por carta para o\/a &#8220;Assistente Administrativo&#8221;, no endere\u00e7o abaixo. Voc\u00ea pode optar por n\u00e3o receber boletins informativos, convites e outras correspond\u00eancias semelhantes de n\u00f3s. Voc\u00ea poder\u00e1 fazer isso sempre que nos fornecer informa\u00e7\u00f5es pessoais marcando as op\u00e7\u00f5es apropriadas nos formul\u00e1rios on-line ou outros. Voc\u00ea poder\u00e1 assinar ou cancelar a assinatura para quaisquer de nossas listas de e-mail visitando nossa p\u00e1gina de Servi\u00e7os de Lista de E-mail e inscrevendo-se ou cancelando a sua inscri\u00e7\u00e3o para cada lista, quando aplic\u00e1vel; um link para cancelar a inscri\u00e7\u00e3o automaticamente tamb\u00e9m ser\u00e1 inclu\u00eddo em cada e-mail enviado para a lista. Voc\u00ea poder\u00e1 tamb\u00e9m enviar um pedido via e-mail para <a href=\"mailto:info@frontlinedefenders.org\">info@frontlinedefenders.org<\/a> ou atrav\u00e9s de carta no seguinte endere\u00e7o:<\/p>\n<p>Front Line Defenders<br \/>\n2nd Floor Grattan House<br \/>\nTemple Road<br \/>\nBlackrock, Co. Dublin<br \/>\nIRELAND<\/p>\n","protected":false},"excerpt":{"rendered":"<p>Atualizado: 30 de junho de 2016 Este website (hrdmemorial.org) junto com quaisquer vers\u00f5es em idiomas que n\u00e3o sejam o ingl\u00eas [&hellip;]<\/p>\n","protected":false},"author":1,"featured_media":0,"parent":0,"menu_order":0,"comment_status":"closed","ping_status":"closed","template":"","meta":{"footnotes":""},"class_list":["post-2796","page","type-page","status-publish","hentry"],"_links":{"self":[{"href":"https:\/\/hrdmemorial.org\/pt\/wp-json\/wp\/v2\/pages\/2796","targetHints":{"allow":["GET"]}}],"collection":[{"href":"https:\/\/hrdmemorial.org\/pt\/wp-json\/wp\/v2\/pages"}],"about":[{"href":"https:\/\/hrdmemorial.org\/pt\/wp-json\/wp\/v2\/types\/page"}],"author":[{"embeddable":true,"href":"https:\/\/hrdmemorial.org\/pt\/wp-json\/wp\/v2\/users\/1"}],"replies":[{"embeddable":true,"href":"https:\/\/hrdmemorial.org\/pt\/wp-json\/wp\/v2\/comments?post=2796"}],"version-history":[{"count":0,"href":"https:\/\/hrdmemorial.org\/pt\/wp-json\/wp\/v2\/pages\/2796\/revisions"}],"wp:attachment":[{"href":"https:\/\/hrdmemorial.org\/pt\/wp-json\/wp\/v2\/media?parent=2796"}],"curies":[{"name":"wp","href":"https:\/\/api.w.org\/{rel}","templated":true}]}}